{"id":1863,"date":"2024-07-26T18:10:52","date_gmt":"2024-07-26T18:10:52","guid":{"rendered":"https:\/\/www.ongparaocio.org\/?page_id=1863"},"modified":"2024-07-26T18:41:41","modified_gmt":"2024-07-26T18:41:41","slug":"ocio-sin-barreras_","status":"publish","type":"page","link":"https:\/\/www.ongparaocio.org\/index.php\/ocio-sin-barreras_\/","title":{"rendered":"Ocio sin barreras_"},"content":{"rendered":"<p><div class=\"fusion-fullwidth fullwidth-box fusion-builder-row-1 fusion-flex-container has-pattern-background has-mask-background nonhundred-percent-fullwidth non-hundred-percent-height-scrolling\" style=\"--awb-border-radius-top-left:0px;--awb-border-radius-top-right:0px;--awb-border-radius-bottom-right:0px;--awb-border-radius-bottom-left:0px;--awb-flex-wrap:wrap;\" ><div class=\"fusion-builder-row fusion-row fusion-flex-align-items-center fusion-flex-content-wrap\" style=\"max-width:1216.8px;margin-left: calc(-4% \/ 2 );margin-right: calc(-4% \/ 2 );\"><div class=\"fusion-layout-column fusion_builder_column fusion-builder-column-0 fusion_builder_column_1_5 1_5 fusion-flex-column\" style=\"--awb-bg-size:cover;--awb-width-large:20%;--awb-margin-top-large:0px;--awb-spacing-right-large:9.6%;--awb-margin-bottom-large:20px;--awb-spacing-left-large:9.6%;--awb-width-medium:100%;--awb-order-medium:0;--awb-spacing-right-medium:1.92%;--awb-spacing-left-medium:1.92%;--awb-width-small:100%;--awb-order-small:0;--awb-spacing-right-small:1.92%;--awb-spacing-left-small:1.92%;\"><div class=\"fusion-column-wrapper fusion-column-has-shadow fusion-flex-justify-content-flex-start fusion-content-layout-column\"><\/div><\/div><div class=\"fusion-layout-column fusion_builder_column fusion-builder-column-1 fusion_builder_column_3_5 3_5 fusion-flex-column\" style=\"--awb-bg-size:cover;--awb-width-large:60%;--awb-margin-top-large:0px;--awb-spacing-right-large:3.2%;--awb-margin-bottom-large:20px;--awb-spacing-left-large:3.2%;--awb-width-medium:100%;--awb-order-medium:0;--awb-spacing-right-medium:1.92%;--awb-spacing-left-medium:1.92%;--awb-width-small:100%;--awb-order-small:0;--awb-spacing-right-small:1.92%;--awb-spacing-left-small:1.92%;\"><div class=\"fusion-column-wrapper fusion-column-has-shadow fusion-flex-justify-content-flex-start fusion-content-layout-column\"><iframe width=\"560\" height=\"315\" src=\"https:\/\/www.youtube.com\/embed\/XmaDa7BUI-0?si=3UI_PXt9AHu0vWbR\" title=\"YouTube video player\" frameborder=\"0\" allow=\"accelerometer; autoplay; clipboard-write; encrypted-media; gyroscope; picture-in-picture; web-share\" referrerpolicy=\"strict-origin-when-cross-origin\" allowfullscreen><\/iframe><\/div><\/div><\/div><\/div><div class=\"fusion-fullwidth fullwidth-box fusion-builder-row-2 fusion-flex-container has-pattern-background has-mask-background nonhundred-percent-fullwidth non-hundred-percent-height-scrolling\" style=\"--awb-border-radius-top-left:0px;--awb-border-radius-top-right:0px;--awb-border-radius-bottom-right:0px;--awb-border-radius-bottom-left:0px;--awb-flex-wrap:wrap;\" ><div class=\"fusion-builder-row fusion-row fusion-flex-align-items-flex-start fusion-flex-content-wrap\" style=\"max-width:1216.8px;margin-left: calc(-4% \/ 2 );margin-right: calc(-4% \/ 2 );\"><div class=\"fusion-layout-column fusion_builder_column fusion-builder-column-2 fusion_builder_column_1_1 1_1 fusion-flex-column\" style=\"--awb-bg-size:cover;--awb-width-large:100%;--awb-margin-top-large:0px;--awb-spacing-right-large:1.92%;--awb-margin-bottom-large:20px;--awb-spacing-left-large:1.92%;--awb-width-medium:100%;--awb-order-medium:0;--awb-spacing-right-medium:1.92%;--awb-spacing-left-medium:1.92%;--awb-width-small:100%;--awb-order-small:0;--awb-spacing-right-small:1.92%;--awb-spacing-left-small:1.92%;\"><div class=\"fusion-column-wrapper fusion-column-has-shadow fusion-flex-justify-content-flex-start fusion-content-layout-column\"><div class=\"fusion-text fusion-text-1\"><div class=\"fusion-fullwidth fullwidth-box fusion-builder-row-4 fusion-flex-container has-pattern-background has-mask-background nonhundred-percent-fullwidth non-hundred-percent-height-scrolling\">\n<div class=\"fusion-builder-row fusion-row fusion-flex-align-items-center fusion-flex-content-wrap\">\n<div class=\"fusion-layout-column fusion_builder_column fusion-builder-column-5 fusion_builder_column_1_1 1_1 fusion-flex-column\">\n<div class=\"fusion-column-wrapper fusion-column-has-shadow fusion-flex-justify-content-flex-start fusion-content-layout-column\">\n<div class=\"fusion-text fusion-text-2\">\n<p>Cada 28 de febrero, coincidiendo con el d\u00eda de Andaluc\u00eda, la ONG PARAOCIO celebra su aniversario.<\/p>\n<p>El principal objetivo de la ONG PARAOCIO es el fomento del ocio en igualdad tanto para personas con discapacidad como con riesgo de exclusi\u00f3n social.<\/p>\n<p>Miles de personas con diferentes tipos de discapacidad han podido disfrutar de las diferentes actividades que la ONG PARAOCIO ha llevado a cabo desde su creaci\u00f3n hace m\u00e1s de 17 a\u00f1os.<\/p>\n<p>Comenzamos en 2007 coordinando visitas de las diferentes ASOCIACIONES DE DISCAPACITADOS a centros de ocio, culturales\u00a0y deportivos\u00a0de la provincia de M\u00e1laga y potenciando la pr\u00e1ctica del deporte adaptado y concretamente las competiciones de vela de crucero que han significado a lo largo de estos a\u00f1os una magn\u00edfica terapia proporcionando a este colectivo una gran mejor\u00eda tanto f\u00edsica como ps\u00edquica.<\/p>\n<p>El equipo mixto PARAOCIO de vela de crucero, formado por personas con diferentes tipos de discapacidad intelectual, f\u00edsica y sensorial, invitado por la Casa Real particip\u00f3 en al a\u00f1o 2019 en la 38 Copa del Rey de Vela en Palma de Mallorca y fue recibido en las instalaciones del Real Club N\u00e1utico de Palma por toda la familia real Rey Felipe VI, Reina Letizia, Princesa Leonor e Infanta Sof\u00eda.<\/p>\n<p>PARAOCIO se convierte en una ONG a la medida de cuantas personas pueden transformar un momento de OCIO en FELICIDAD,\u00a0y para ello contamos con la ayuda inestimable de muchos voluntarios que lo hacen posible.<br \/>\nLa colaboraci\u00f3n de diferentes\u00a0entidades y empresas que apuestan por PARAOCIO para que consiga sus objetivos,\u00a0hacen de estas un pilar fundamental y necesario para que nuestro trabajo obtenga los mejores resultados.<\/p>\n<\/div>\n<\/div>\n<\/div>\n<\/div>\n<\/div>\n<\/div><\/div><\/div><\/div><\/div><\/p>\n","protected":false},"excerpt":{"rendered":"","protected":false},"author":1,"featured_media":0,"parent":0,"menu_order":0,"comment_status":"closed","ping_status":"closed","template":"","meta":{"footnotes":""},"class_list":["post-1863","page","type-page","status-publish","hentry"],"_links":{"self":[{"href":"https:\/\/www.ongparaocio.org\/index.php\/wp-json\/wp\/v2\/pages\/1863","targetHints":{"allow":["GET"]}}],"collection":[{"href":"https:\/\/www.ongparaocio.org\/index.php\/wp-json\/wp\/v2\/pages"}],"about":[{"href":"https:\/\/www.ongparaocio.org\/index.php\/wp-json\/wp\/v2\/types\/page"}],"author":[{"embeddable":true,"href":"https:\/\/www.ongparaocio.org\/index.php\/wp-json\/wp\/v2\/users\/1"}],"replies":[{"embeddable":true,"href":"https:\/\/www.ongparaocio.org\/index.php\/wp-json\/wp\/v2\/comments?post=1863"}],"version-history":[{"count":14,"href":"https:\/\/www.ongparaocio.org\/index.php\/wp-json\/wp\/v2\/pages\/1863\/revisions"}],"predecessor-version":[{"id":1878,"href":"https:\/\/www.ongparaocio.org\/index.php\/wp-json\/wp\/v2\/pages\/1863\/revisions\/1878"}],"wp:attachment":[{"href":"https:\/\/www.ongparaocio.org\/index.php\/wp-json\/wp\/v2\/media?parent=1863"}],"curies":[{"name":"wp","href":"https:\/\/api.w.org\/{rel}","templated":true}]}}